{"id":97,"date":"2019-06-30T00:42:27","date_gmt":"2019-06-29T22:42:27","guid":{"rendered":"https:\/\/midiaid.de\/blog\/?page_id=97"},"modified":"2019-07-12T11:31:48","modified_gmt":"2019-07-12T09:31:48","slug":"werde-midiaid-bloggerin","status":"publish","type":"page","link":"https:\/\/midiaid.de\/blog\/werde-midiaid-bloggerin\/","title":{"rendered":"Verschaffe dir als Hebamme Geh\u00f6r und werde Midiaid Bloggerin"},"content":{"rendered":"\n<p>Bei <a href=\"https:\/\/midiaid.de\/fuer-hebammen\">Midiaid<\/a> dreht sich alles um den Hebammenberuf. Wir kennen die Situation der Hebammen in Deutschland nur zu gut und haben davon die Nase voll. \u00dcberteuerte Haftpflicht, ungerechter Verdienst, zu wenig Support aus der Politik, das alles verursacht den Hebammenmangel in unserem Land &#8211; diese Probleme existieren seit Jahrzehnten und es \u00e4ndert sich nichts. Wir m\u00f6chten dar\u00fcber im Midiaid Blog berichten, damit die breite Masse davon erf\u00e4hrt.<\/p>\n\n\n\n<p>Wir finden, dass Hebammen fachlich, gesellschaftlich und finanziell auf dieselbe Ebene wie \u00c4rzte geh\u00f6ren. Mediziner studieren sechs Jahre lang die Anatomie des Homo Sapiens und spezialisieren sich dann meist zum Facharzt. Sie kennen sich perfekt in ihrem medizinischen Fachgebiet aus. Hebammen spezialisieren sich auch, und zwar von Anfang an! Sie sind verantwortlich f\u00fcr den <strong>\u201e<\/strong>Erstkontakt&#8220; mit dem Homo Sapiens. Sie leiten die Geburt, mit ihnen beginnt das Wunder des Lebens. Und nicht nur das: Hebammen sind eine wichtige mentale St\u00fctze f\u00fcr Mamas, die vor der gr\u00f6ssten Ver\u00e4nderung ihres Lebens stehen. Sie nehmen den Mamas die Angst vor der Geburt. Die menschliche, einf\u00fchlsame Komponente ist im Hebammenhandwerk genauso wichtig wie die physische Gesundheit von Mama und Kind. Das ist unserer Meinung nach bei den wenigsten \u00c4rzten der Fall. Warum kann es dann sein, dass Hebammen nur einen Bruchteil eines Arztgehalts verdienen?<\/p>\n\n\n\n<p>Du siehst das genauso? Du willst Teil einer Bewegung werden, welche den Hebammen in Deutschland hilft, sich besser zu vernetzen? Verschaffe dir als Hebamme Geh\u00f6r! Wir suchen Hebammen, die \u00fcber den Midiaid Blog Einblick in ihre T\u00e4tigkeit geben, und zwar so, dass es <em>alle<\/em> verstehen! Deutschland muss einfach wissen, was Hebammen leisten, wieviel Knowhow, Verantwortung und Arbeitspensum eine Hebamme hat. Nur so k\u00f6nnen wir etwas \u00e4ndern! Wenn alles nur in Fachkongressen und Verb\u00e4nden diskutiert wird, kriegt die Masse davon nichts mit. Wenn sich aber etwas \u00e4ndern soll, ist die Masse einfach das st\u00e4rkste Mittel! Melde dich bei uns und werde Midiaid Bloggerin! contact@midiaid.com<\/p>\n\n\n\n<figure class=\"wp-block-image\"><img loading=\"lazy\" width=\"1200\" height=\"900\" src=\"https:\/\/midiaid.de\/blog\/wp-content\/uploads\/2019\/06\/nicole-honeywill-tEQmys5i-ec-unsplash1-e1561877614520.jpg\" alt=\"Photo by Nicole Honeywill on Unsplash\" class=\"wp-image-115\"\/><\/figure>\n","protected":false},"excerpt":{"rendered":"<p>Bei Midiaid dreht sich alles um den Hebammenberuf. Wir kennen die Situation der Hebammen in Deutschland nur zu gut und haben davon die Nase voll. \u00dcberteuerte Haftpflicht, ungerechter Verdienst, zu wenig Support aus der Politik, das alles verursacht den Hebammenmangel in unserem Land &#8211; diese Probleme existieren seit Jahrzehnten und es \u00e4ndert sich nichts. Wir m\u00f6chten dar\u00fcber im Midiaid Blog berichten, damit die breite Masse davon erf\u00e4hrt. Wir finden, dass Hebammen fachlich, gesellschaftlich und finanziell&#8230;<\/p>\n<div class=\"more-link-wrapper\"><a class=\"more-link\" href=\"https:\/\/midiaid.de\/blog\/werde-midiaid-bloggerin\/\"><span class=\"more-text\">weiterlesen<\/span><\/a><\/div>\n","protected":false},"author":2,"featured_media":115,"parent":0,"menu_order":0,"comment_status":"closed","ping_status":"closed","template":"","meta":[],"yoast_head":"<!-- This site is optimized with the Yoast SEO plugin v18.4.1 - https:\/\/yoast.com\/wordpress\/plugins\/seo\/ -->\n<title>Verschaffe dir als Hebamme Geh\u00f6r und werde Midiaid Bloggerin - Midiaid Blog<\/title>\n<meta name=\"description\" content=\"Lass Deutschland \u00fcber den Midiaid Blog wissen, was Hebammen leisten, wieviel Knowhow, Verantwortung und Arbeitspensum eine Hebamme hat.\" \/>\n<meta name=\"robots\" content=\"index, follow, max-snippet:-1, max-image-preview:large, max-video-preview:-1\" \/>\n<link rel=\"canonical\" href=\"https:\/\/midiaid.de\/blog\/werde-midiaid-bloggerin\/\" \/>\n<meta property=\"og:locale\" content=\"de_DE\" \/>\n<meta property=\"og:type\" content=\"article\" \/>\n<meta property=\"og:title\" content=\"Verschaffe dir als Hebamme Geh\u00f6r und werde Midiaid Bloggerin - Midiaid Blog\" \/>\n<meta property=\"og:description\" content=\"Lass Deutschland \u00fcber den Midiaid Blog wissen, was Hebammen leisten, wieviel Knowhow, Verantwortung und Arbeitspensum eine Hebamme hat.\" \/>\n<meta property=\"og:url\" content=\"https:\/\/midiaid.de\/blog\/werde-midiaid-bloggerin\/\" \/>\n<meta property=\"og:site_name\" content=\"Midiaid Blog\" \/>\n<meta property=\"article:publisher\" content=\"https:\/\/www.facebook.com\/midiaidOfficial\" \/>\n<meta property=\"article:modified_time\" content=\"2019-07-12T09:31:48+00:00\" \/>\n<meta property=\"og:image\" content=\"https:\/\/midiaid.de\/blog\/wp-content\/uploads\/2019\/06\/nicole-honeywill-tEQmys5i-ec-unsplash1-e1561877614520.jpg\" \/>\n\t<meta property=\"og:image:width\" content=\"1200\" \/>\n\t<meta property=\"og:image:height\" content=\"900\" \/>\n\t<meta property=\"og:image:type\" content=\"image\/jpeg\" \/>\n<meta name=\"twitter:card\" content=\"summary_large_image\" \/>\n<meta name=\"twitter:label1\" content=\"Gesch\u00e4tzte Lesezeit\" \/>\n\t<meta name=\"twitter:data1\" content=\"2\u00a0Minuten\" \/>\n<script type=\"application\/ld+json\" class=\"yoast-schema-graph\">{\"@context\":\"https:\/\/schema.org\",\"@graph\":[{\"@type\":\"WebSite\",\"@id\":\"https:\/\/midiaid.de\/blog\/#website\",\"url\":\"https:\/\/midiaid.de\/blog\/\",\"name\":\"Midiaid Blog\",\"description\":\"Blog f\u00fcr Hebammen und Mamas\",\"potentialAction\":[{\"@type\":\"SearchAction\",\"target\":{\"@type\":\"EntryPoint\",\"urlTemplate\":\"https:\/\/midiaid.de\/blog\/?s={search_term_string}\"},\"query-input\":\"required name=search_term_string\"}],\"inLanguage\":\"de\"},{\"@type\":\"ImageObject\",\"@id\":\"https:\/\/midiaid.de\/blog\/werde-midiaid-bloggerin\/#primaryimage\",\"inLanguage\":\"de\",\"url\":\"https:\/\/midiaid.de\/blog\/wp-content\/uploads\/2019\/06\/nicole-honeywill-tEQmys5i-ec-unsplash1-e1561877614520.jpg\",\"contentUrl\":\"https:\/\/midiaid.de\/blog\/wp-content\/uploads\/2019\/06\/nicole-honeywill-tEQmys5i-ec-unsplash1-e1561877614520.jpg\",\"width\":1200,\"height\":900,\"caption\":\"Photo by Nicole Honeywill on Unsplash\"},{\"@type\":\"WebPage\",\"@id\":\"https:\/\/midiaid.de\/blog\/werde-midiaid-bloggerin\/#webpage\",\"url\":\"https:\/\/midiaid.de\/blog\/werde-midiaid-bloggerin\/\",\"name\":\"Verschaffe dir als Hebamme Geh\u00f6r und werde Midiaid Bloggerin - Midiaid Blog\",\"isPartOf\":{\"@id\":\"https:\/\/midiaid.de\/blog\/#website\"},\"primaryImageOfPage\":{\"@id\":\"https:\/\/midiaid.de\/blog\/werde-midiaid-bloggerin\/#primaryimage\"},\"datePublished\":\"2019-06-29T22:42:27+00:00\",\"dateModified\":\"2019-07-12T09:31:48+00:00\",\"description\":\"Lass Deutschland \u00fcber den Midiaid Blog wissen, was Hebammen leisten, wieviel Knowhow, Verantwortung und Arbeitspensum eine Hebamme hat.\",\"breadcrumb\":{\"@id\":\"https:\/\/midiaid.de\/blog\/werde-midiaid-bloggerin\/#breadcrumb\"},\"inLanguage\":\"de\",\"potentialAction\":[{\"@type\":\"ReadAction\",\"target\":[\"https:\/\/midiaid.de\/blog\/werde-midiaid-bloggerin\/\"]}]},{\"@type\":\"BreadcrumbList\",\"@id\":\"https:\/\/midiaid.de\/blog\/werde-midiaid-bloggerin\/#breadcrumb\",\"itemListElement\":[{\"@type\":\"ListItem\",\"position\":1,\"name\":\"Home\",\"item\":\"https:\/\/midiaid.de\/blog\/\"},{\"@type\":\"ListItem\",\"position\":2,\"name\":\"Verschaffe dir als Hebamme Geh\u00f6r und werde Midiaid Bloggerin\"}]}]}<\/script>\n<!-- \/ Yoast SEO plugin. -->","yoast_head_json":{"title":"Verschaffe dir als Hebamme Geh\u00f6r und werde Midiaid Bloggerin - Midiaid Blog","description":"Lass Deutschland \u00fcber den Midiaid Blog wissen, was Hebammen leisten, wieviel Knowhow, Verantwortung und Arbeitspensum eine Hebamme hat.","robots":{"index":"index","follow":"follow","max-snippet":"max-snippet:-1","max-image-preview":"max-image-preview:large","max-video-preview":"max-video-preview:-1"},"canonical":"https:\/\/midiaid.de\/blog\/werde-midiaid-bloggerin\/","og_locale":"de_DE","og_type":"article","og_title":"Verschaffe dir als Hebamme Geh\u00f6r und werde Midiaid Bloggerin - Midiaid Blog","og_description":"Lass Deutschland \u00fcber den Midiaid Blog wissen, was Hebammen leisten, wieviel Knowhow, Verantwortung und Arbeitspensum eine Hebamme hat.","og_url":"https:\/\/midiaid.de\/blog\/werde-midiaid-bloggerin\/","og_site_name":"Midiaid Blog","article_publisher":"https:\/\/www.facebook.com\/midiaidOfficial","article_modified_time":"2019-07-12T09:31:48+00:00","og_image":[{"width":1200,"height":900,"url":"https:\/\/midiaid.de\/blog\/wp-content\/uploads\/2019\/06\/nicole-honeywill-tEQmys5i-ec-unsplash1-e1561877614520.jpg","type":"image\/jpeg"}],"twitter_card":"summary_large_image","twitter_misc":{"Gesch\u00e4tzte Lesezeit":"2\u00a0Minuten"},"schema":{"@context":"https:\/\/schema.org","@graph":[{"@type":"WebSite","@id":"https:\/\/midiaid.de\/blog\/#website","url":"https:\/\/midiaid.de\/blog\/","name":"Midiaid Blog","description":"Blog f\u00fcr Hebammen und Mamas","potentialAction":[{"@type":"SearchAction","target":{"@type":"EntryPoint","urlTemplate":"https:\/\/midiaid.de\/blog\/?s={search_term_string}"},"query-input":"required name=search_term_string"}],"inLanguage":"de"},{"@type":"ImageObject","@id":"https:\/\/midiaid.de\/blog\/werde-midiaid-bloggerin\/#primaryimage","inLanguage":"de","url":"https:\/\/midiaid.de\/blog\/wp-content\/uploads\/2019\/06\/nicole-honeywill-tEQmys5i-ec-unsplash1-e1561877614520.jpg","contentUrl":"https:\/\/midiaid.de\/blog\/wp-content\/uploads\/2019\/06\/nicole-honeywill-tEQmys5i-ec-unsplash1-e1561877614520.jpg","width":1200,"height":900,"caption":"Photo by Nicole Honeywill on Unsplash"},{"@type":"WebPage","@id":"https:\/\/midiaid.de\/blog\/werde-midiaid-bloggerin\/#webpage","url":"https:\/\/midiaid.de\/blog\/werde-midiaid-bloggerin\/","name":"Verschaffe dir als Hebamme Geh\u00f6r und werde Midiaid Bloggerin - Midiaid Blog","isPartOf":{"@id":"https:\/\/midiaid.de\/blog\/#website"},"primaryImageOfPage":{"@id":"https:\/\/midiaid.de\/blog\/werde-midiaid-bloggerin\/#primaryimage"},"datePublished":"2019-06-29T22:42:27+00:00","dateModified":"2019-07-12T09:31:48+00:00","description":"Lass Deutschland \u00fcber den Midiaid Blog wissen, was Hebammen leisten, wieviel Knowhow, Verantwortung und Arbeitspensum eine Hebamme hat.","breadcrumb":{"@id":"https:\/\/midiaid.de\/blog\/werde-midiaid-bloggerin\/#breadcrumb"},"inLanguage":"de","potentialAction":[{"@type":"ReadAction","target":["https:\/\/midiaid.de\/blog\/werde-midiaid-bloggerin\/"]}]},{"@type":"BreadcrumbList","@id":"https:\/\/midiaid.de\/blog\/werde-midiaid-bloggerin\/#breadcrumb","itemListElement":[{"@type":"ListItem","position":1,"name":"Home","item":"https:\/\/midiaid.de\/blog\/"},{"@type":"ListItem","position":2,"name":"Verschaffe dir als Hebamme Geh\u00f6r und werde Midiaid Bloggerin"}]}]}},"_links":{"self":[{"href":"https:\/\/midiaid.de\/blog\/wp-json\/wp\/v2\/pages\/97"}],"collection":[{"href":"https:\/\/midiaid.de\/blog\/wp-json\/wp\/v2\/pages"}],"about":[{"href":"https:\/\/midiaid.de\/blog\/wp-json\/wp\/v2\/types\/page"}],"author":[{"embeddable":true,"href":"https:\/\/midiaid.de\/blog\/wp-json\/wp\/v2\/users\/2"}],"replies":[{"embeddable":true,"href":"https:\/\/midiaid.de\/blog\/wp-json\/wp\/v2\/comments?post=97"}],"version-history":[{"count":15,"href":"https:\/\/midiaid.de\/blog\/wp-json\/wp\/v2\/pages\/97\/revisions"}],"predecessor-version":[{"id":209,"href":"https:\/\/midiaid.de\/blog\/wp-json\/wp\/v2\/pages\/97\/revisions\/209"}],"wp:featuredmedia":[{"embeddable":true,"href":"https:\/\/midiaid.de\/blog\/wp-json\/wp\/v2\/media\/115"}],"wp:attachment":[{"href":"https:\/\/midiaid.de\/blog\/wp-json\/wp\/v2\/media?parent=97"}],"curies":[{"name":"wp","href":"https:\/\/api.w.org\/{rel}","templated":true}]}}